{"id":87,"date":"2017-02-08T11:47:17","date_gmt":"2017-02-08T10:47:17","guid":{"rendered":"http:\/\/abersolutions.fr\/?page_id=87"},"modified":"2017-02-08T14:59:01","modified_gmt":"2017-02-08T13:59:01","slug":"mode-dinterventions","status":"publish","type":"page","link":"https:\/\/abersolutions.fr\/index.php\/mode-dinterventions\/","title":{"rendered":"Modes d&#8217;intervention"},"content":{"rendered":"<ul>\n<li>\n<h4><strong>Prestations d\u2019assistance technique\u00a0: <\/strong>Intervention sur un p\u00e9rim\u00e8tre et des t\u00e2ches d\u00e9finies<\/h4>\n<\/li>\n<li>\n<h4><strong>Prestations cl\u00e9 en mains\u00a0: <\/strong>Aber solutions est <strong>l&#8217;interlocuteur unique<\/strong> et int\u00e8gre tous les acteurs du projet <strong>de la conception \u00e0 la mise en place de la solution.<\/strong><\/h4>\n<\/li>\n<\/ul>\n","protected":false},"excerpt":{"rendered":"<p>Prestations d\u2019assistance technique\u00a0: Intervention sur un p\u00e9rim\u00e8tre et des t\u00e2ches d\u00e9finies Prestations cl\u00e9 en mains\u00a0: Aber solutions est l&#8217;interlocuteur unique et int\u00e8gre tous les acteurs du projet de la conception [&hellip;]<\/p>\n","protected":false},"author":1,"featured_media":0,"parent":0,"menu_order":0,"comment_status":"closed","ping_status":"closed","template":"","meta":[],"_links":{"self":[{"href":"https:\/\/abersolutions.fr\/index.php\/wp-json\/wp\/v2\/pages\/87"}],"collection":[{"href":"https:\/\/abersolutions.fr\/index.php\/wp-json\/wp\/v2\/pages"}],"about":[{"href":"https:\/\/abersolutions.fr\/index.php\/wp-json\/wp\/v2\/types\/page"}],"author":[{"embeddable":true,"href":"https:\/\/abersolutions.fr\/index.php\/wp-json\/wp\/v2\/users\/1"}],"replies":[{"embeddable":true,"href":"https:\/\/abersolutions.fr\/index.php\/wp-json\/wp\/v2\/comments?post=87"}],"version-history":[{"count":6,"href":"https:\/\/abersolutions.fr\/index.php\/wp-json\/wp\/v2\/pages\/87\/revisions"}],"predecessor-version":[{"id":154,"href":"https:\/\/abersolutions.fr\/index.php\/wp-json\/wp\/v2\/pages\/87\/revisions\/154"}],"wp:attachment":[{"href":"https:\/\/abersolutions.fr\/index.php\/wp-json\/wp\/v2\/media?parent=87"}],"curies":[{"name":"wp","href":"https:\/\/api.w.org\/{rel}","templated":true}]}}