{"id":107,"date":"2017-02-08T12:24:16","date_gmt":"2017-02-08T11:24:16","guid":{"rendered":"http:\/\/abersolutions.fr\/?page_id=107"},"modified":"2017-02-08T15:19:37","modified_gmt":"2017-02-08T14:19:37","slug":"services","status":"publish","type":"page","link":"https:\/\/abersolutions.fr\/","title":{"rendered":"Services"},"content":{"rendered":"<ul>\n<li>\n<h4>Recueil et analyse des besoins m\u00e9tiers<\/h4>\n<\/li>\n<li>\n<h4>D\u00e9finition des objectifs<\/h4>\n<\/li>\n<li>\n<h4>R\u00e9daction du cahier des charges ou expression de besoins<\/h4>\n<\/li>\n<li>\n<h4>Etude des diff\u00e9rentes solutions<\/h4>\n<\/li>\n<li>\n<h4>Suivi du planning et du budget<\/h4>\n<\/li>\n<li>\n<h4>Coordination des diff\u00e9rents intervenants<\/h4>\n<\/li>\n<li>\n<h4>Suivi de la r\u00e9alisation et du d\u00e9ploiement<\/h4>\n<\/li>\n<li>\n<h4>Respect des engagements contractuels<\/h4>\n<\/li>\n<li>\n<h4>Accompagnement au changement et \u00e0 la formation des utilisateurs<\/h4>\n<\/li>\n<li>\n<h4>Interface entre les \u00e9quipes m\u00e9tiers et les intervenants techniques<\/h4>\n<\/li>\n<\/ul>\n","protected":false},"excerpt":{"rendered":"<p>Recueil et analyse des besoins m\u00e9tiers D\u00e9finition des objectifs R\u00e9daction du cahier des charges ou expression de besoins Etude des diff\u00e9rentes solutions Suivi du planning et du budget Coordination des [&hellip;]<\/p>\n","protected":false},"author":1,"featured_media":0,"parent":0,"menu_order":0,"comment_status":"closed","ping_status":"closed","template":"","meta":[],"_links":{"self":[{"href":"https:\/\/abersolutions.fr\/index.php\/wp-json\/wp\/v2\/pages\/107"}],"collection":[{"href":"https:\/\/abersolutions.fr\/index.php\/wp-json\/wp\/v2\/pages"}],"about":[{"href":"https:\/\/abersolutions.fr\/index.php\/wp-json\/wp\/v2\/types\/page"}],"author":[{"embeddable":true,"href":"https:\/\/abersolutions.fr\/index.php\/wp-json\/wp\/v2\/users\/1"}],"replies":[{"embeddable":true,"href":"https:\/\/abersolutions.fr\/index.php\/wp-json\/wp\/v2\/comments?post=107"}],"version-history":[{"count":6,"href":"https:\/\/abersolutions.fr\/index.php\/wp-json\/wp\/v2\/pages\/107\/revisions"}],"predecessor-version":[{"id":158,"href":"https:\/\/abersolutions.fr\/index.php\/wp-json\/wp\/v2\/pages\/107\/revisions\/158"}],"wp:attachment":[{"href":"https:\/\/abersolutions.fr\/index.php\/wp-json\/wp\/v2\/media?parent=107"}],"curies":[{"name":"wp","href":"https:\/\/api.w.org\/{rel}","templated":true}]}}